{"id":243,"date":"2024-05-20T21:11:02","date_gmt":"2024-05-21T00:11:02","guid":{"rendered":"https:\/\/fixdigital.com.br\/sin2\/?page_id=243"},"modified":"2024-05-27T23:58:18","modified_gmt":"2024-05-27T23:58:18","slug":"legislacao","status":"publish","type":"page","link":"https:\/\/sinaten.com.br\/index.php\/legislacao\/","title":{"rendered":"Legisla\u00e7\u00e3o"},"content":{"rendered":"\t\t<div data-elementor-type=\"wp-page\" data-elementor-id=\"243\" class=\"elementor elementor-243\">\n\t\t\t\t\t\t<section class=\"elementor-section elementor-top-section elementor-element elementor-element-74d22fb elementor-section-boxed elementor-section-height-default elementor-section-height-default\" data-id=\"74d22fb\" data-element_type=\"section\" data-e-type=\"section\">\n\t\t\t\t\t\t<div class=\"elementor-container elementor-column-gap-default\">\n\t\t\t\t\t<div class=\"elementor-column elementor-col-33 elementor-top-column elementor-element elementor-element-04f4573\" data-id=\"04f4573\" data-element_type=\"column\" data-e-type=\"column\">\n\t\t\t<div class=\"elementor-widget-wrap elementor-element-populated\">\n\t\t\t\t\t\t<div class=\"elementor-element elementor-element-18d90ac elementor-widget elementor-widget-image\" data-id=\"18d90ac\" data-element_type=\"widget\" data-e-type=\"widget\" data-widget_type=\"image.default\">\n\t\t\t\t<div class=\"elementor-widget-container\">\n\t\t\t\t\t\t\t\t\t\t\t\t\t\t\t<img decoding=\"async\" width=\"220\" height=\"50\" src=\"https:\/\/sinaten.com.br\/wp-content\/uploads\/2023\/06\/Logo-Texto-220x50-1.png\" class=\"attachment-large size-large wp-image-14\" alt=\"\" \/>\t\t\t\t\t\t\t\t\t\t\t\t\t\t\t<\/div>\n\t\t\t\t<\/div>\n\t\t\t\t<div class=\"elementor-element elementor-element-45e30db elementor-widget elementor-widget-text-editor\" data-id=\"45e30db\" data-element_type=\"widget\" data-e-type=\"widget\" data-widget_type=\"text-editor.default\">\n\t\t\t\t<div class=\"elementor-widget-container\">\n\t\t\t\t\t\t\t\t\t<p><strong>Sindicato Nacional dos Terapeutas Naturistas<\/strong><\/p>\t\t\t\t\t\t\t\t<\/div>\n\t\t\t\t<\/div>\n\t\t\t\t\t<\/div>\n\t\t<\/div>\n\t\t\t\t<div class=\"elementor-column elementor-col-33 elementor-top-column elementor-element elementor-element-4e2b872\" data-id=\"4e2b872\" data-element_type=\"column\" data-e-type=\"column\">\n\t\t\t<div class=\"elementor-widget-wrap\">\n\t\t\t\t\t\t\t<\/div>\n\t\t<\/div>\n\t\t\t\t<div class=\"elementor-column elementor-col-33 elementor-top-column elementor-element elementor-element-d2bb671\" data-id=\"d2bb671\" data-element_type=\"column\" data-e-type=\"column\">\n\t\t\t<div class=\"elementor-widget-wrap elementor-element-populated\">\n\t\t\t\t\t\t<div class=\"elementor-element elementor-element-d51bd11 elementor-widget elementor-widget-image\" data-id=\"d51bd11\" data-element_type=\"widget\" data-e-type=\"widget\" data-widget_type=\"image.default\">\n\t\t\t\t<div class=\"elementor-widget-container\">\n\t\t\t\t\t\t\t\t\t\t\t\t\t\t\t<img decoding=\"async\" src=\"https:\/\/sinaten.com.br\/wp-content\/uploads\/elementor\/thumbs\/Logo_SINATEN_Simples-qosrvionyywnrj9hl4pan6c4m0uhmvsk4rfkqqchd4.png\" title=\"Logo_SINATEN_Simples\" alt=\"Logo_SINATEN_Simples\" loading=\"lazy\" \/>\t\t\t\t\t\t\t\t\t\t\t\t\t\t\t<\/div>\n\t\t\t\t<\/div>\n\t\t\t\t\t<\/div>\n\t\t<\/div>\n\t\t\t\t\t<\/div>\n\t\t<\/section>\n\t\t\t\t<section class=\"elementor-section elementor-top-section elementor-element elementor-element-a0608c9 elementor-section-boxed elementor-section-height-default elementor-section-height-default\" data-id=\"a0608c9\" data-element_type=\"section\" data-e-type=\"section\">\n\t\t\t\t\t\t<div class=\"elementor-container elementor-column-gap-default\">\n\t\t\t\t\t<div class=\"elementor-column elementor-col-100 elementor-top-column elementor-element elementor-element-8b07944\" data-id=\"8b07944\" data-element_type=\"column\" data-e-type=\"column\">\n\t\t\t<div class=\"elementor-widget-wrap elementor-element-populated\">\n\t\t\t\t\t\t<div class=\"elementor-element elementor-element-f9a8d5e elementor-nav-menu__align-center elementor-nav-menu--dropdown-tablet elementor-nav-menu__text-align-aside elementor-nav-menu--toggle elementor-nav-menu--burger elementor-widget elementor-widget-nav-menu\" data-id=\"f9a8d5e\" data-element_type=\"widget\" data-e-type=\"widget\" data-settings=\"{&quot;layout&quot;:&quot;horizontal&quot;,&quot;submenu_icon&quot;:{&quot;value&quot;:&quot;&lt;svg class=\\&quot;e-font-icon-svg e-fas-caret-down\\&quot; viewBox=\\&quot;0 0 320 512\\&quot; xmlns=\\&quot;http:\\\/\\\/www.w3.org\\\/2000\\\/svg\\&quot;&gt;&lt;path d=\\&quot;M31.3 192h257.3c17.8 0 26.7 21.5 14.1 34.1L174.1 354.8c-7.8 7.8-20.5 7.8-28.3 0L17.2 226.1C4.6 213.5 13.5 192 31.3 192z\\&quot;&gt;&lt;\\\/path&gt;&lt;\\\/svg&gt;&quot;,&quot;library&quot;:&quot;fa-solid&quot;},&quot;toggle&quot;:&quot;burger&quot;}\" data-widget_type=\"nav-menu.default\">\n\t\t\t\t<div class=\"elementor-widget-container\">\n\t\t\t\t\t\t\t\t<nav migration_allowed=\"1\" migrated=\"0\" class=\"elementor-nav-menu--main elementor-nav-menu__container elementor-nav-menu--layout-horizontal e--pointer-background e--animation-fade\">\n\t\t\t\t<ul id=\"menu-1-f9a8d5e\" class=\"elementor-nav-menu\"><li class=\"menu-item menu-item-type-post_type menu-item-object-page menu-item-home menu-item-244\"><a href=\"https:\/\/sinaten.com.br\/\" class=\"elementor-item\">In\u00edcio<\/a><\/li>\n<li class=\"menu-item menu-item-type-post_type menu-item-object-page menu-item-245\"><a href=\"https:\/\/sinaten.com.br\/index.php\/boletim\/\" class=\"elementor-item\">Boletim<\/a><\/li>\n<li class=\"menu-item menu-item-type-post_type menu-item-object-page menu-item-246\"><a href=\"https:\/\/sinaten.com.br\/index.php\/artigos\/\" class=\"elementor-item\">Artigos<\/a><\/li>\n<li class=\"menu-item menu-item-type-post_type menu-item-object-page menu-item-257\"><a href=\"https:\/\/sinaten.com.br\/index.php\/legislacao\/\" class=\"elementor-item\">Legisla\u00e7\u00e3o<\/a><\/li>\n<li class=\"menu-item menu-item-type-post_type menu-item-object-page menu-item-256\"><a href=\"https:\/\/sinaten.com.br\/index.php\/contato\/\" class=\"elementor-item\">Contato<\/a><\/li>\n<li class=\"menu-item menu-item-type-post_type menu-item-object-page menu-item-247\"><a href=\"https:\/\/sinaten.com.br\/index.php\/filie-se\/\" class=\"elementor-item\">Filie-se<\/a><\/li>\n<\/ul>\t\t\t<\/nav>\n\t\t\t\t\t<div class=\"elementor-menu-toggle\" role=\"button\" tabindex=\"0\" aria-label=\"Menu Toggle\" aria-expanded=\"false\">\n\t\t\t<svg aria-hidden=\"true\" role=\"presentation\" class=\"elementor-menu-toggle__icon--open e-font-icon-svg e-eicon-menu-bar\" viewBox=\"0 0 1000 1000\" xmlns=\"http:\/\/www.w3.org\/2000\/svg\"><path d=\"M104 333H896C929 333 958 304 958 271S929 208 896 208H104C71 208 42 237 42 271S71 333 104 333ZM104 583H896C929 583 958 554 958 521S929 458 896 458H104C71 458 42 487 42 521S71 583 104 583ZM104 833H896C929 833 958 804 958 771S929 708 896 708H104C71 708 42 737 42 771S71 833 104 833Z\"><\/path><\/svg><svg aria-hidden=\"true\" role=\"presentation\" class=\"elementor-menu-toggle__icon--close e-font-icon-svg e-eicon-close\" viewBox=\"0 0 1000 1000\" xmlns=\"http:\/\/www.w3.org\/2000\/svg\"><path d=\"M742 167L500 408 258 167C246 154 233 150 217 150 196 150 179 158 167 167 154 179 150 196 150 212 150 229 154 242 171 254L408 500 167 742C138 771 138 800 167 829 196 858 225 858 254 829L496 587 738 829C750 842 767 846 783 846 800 846 817 842 829 829 842 817 846 804 846 783 846 767 842 750 829 737L588 500 833 258C863 229 863 200 833 171 804 137 775 137 742 167Z\"><\/path><\/svg>\t\t\t<span class=\"elementor-screen-only\">Menu<\/span>\n\t\t<\/div>\n\t\t\t<nav class=\"elementor-nav-menu--dropdown elementor-nav-menu__container\" aria-hidden=\"true\">\n\t\t\t\t<ul id=\"menu-2-f9a8d5e\" class=\"elementor-nav-menu\"><li class=\"menu-item menu-item-type-post_type menu-item-object-page menu-item-home menu-item-244\"><a href=\"https:\/\/sinaten.com.br\/\" class=\"elementor-item\" tabindex=\"-1\">In\u00edcio<\/a><\/li>\n<li class=\"menu-item menu-item-type-post_type menu-item-object-page menu-item-245\"><a href=\"https:\/\/sinaten.com.br\/index.php\/boletim\/\" class=\"elementor-item\" tabindex=\"-1\">Boletim<\/a><\/li>\n<li class=\"menu-item menu-item-type-post_type menu-item-object-page menu-item-246\"><a href=\"https:\/\/sinaten.com.br\/index.php\/artigos\/\" class=\"elementor-item\" tabindex=\"-1\">Artigos<\/a><\/li>\n<li class=\"menu-item menu-item-type-post_type menu-item-object-page menu-item-257\"><a href=\"https:\/\/sinaten.com.br\/index.php\/legislacao\/\" class=\"elementor-item\" tabindex=\"-1\">Legisla\u00e7\u00e3o<\/a><\/li>\n<li class=\"menu-item menu-item-type-post_type menu-item-object-page menu-item-256\"><a href=\"https:\/\/sinaten.com.br\/index.php\/contato\/\" class=\"elementor-item\" tabindex=\"-1\">Contato<\/a><\/li>\n<li class=\"menu-item menu-item-type-post_type menu-item-object-page menu-item-247\"><a href=\"https:\/\/sinaten.com.br\/index.php\/filie-se\/\" class=\"elementor-item\" tabindex=\"-1\">Filie-se<\/a><\/li>\n<\/ul>\t\t\t<\/nav>\n\t\t\t\t\t\t<\/div>\n\t\t\t\t<\/div>\n\t\t\t\t\t<\/div>\n\t\t<\/div>\n\t\t\t\t\t<\/div>\n\t\t<\/section>\n\t\t\t\t<section class=\"elementor-section elementor-top-section elementor-element elementor-element-9fe9b68 elementor-section-boxed elementor-section-height-default elementor-section-height-default\" data-id=\"9fe9b68\" data-element_type=\"section\" data-e-type=\"section\">\n\t\t\t\t\t\t<div class=\"elementor-container elementor-column-gap-default\">\n\t\t\t\t\t<div class=\"elementor-column elementor-col-100 elementor-top-column elementor-element elementor-element-13daaba\" data-id=\"13daaba\" data-element_type=\"column\" data-e-type=\"column\">\n\t\t\t<div class=\"elementor-widget-wrap elementor-element-populated\">\n\t\t\t\t\t\t<div class=\"elementor-element elementor-element-6e74bbb elementor-widget elementor-widget-toggle\" data-id=\"6e74bbb\" data-element_type=\"widget\" data-e-type=\"widget\" data-widget_type=\"toggle.default\">\n\t\t\t\t<div class=\"elementor-widget-container\">\n\t\t\t\t\t\t\t<div class=\"elementor-toggle\">\n\t\t\t\t\t\t\t<div class=\"elementor-toggle-item\">\n\t\t\t\t\t<div id=\"elementor-tab-title-1151\" class=\"elementor-tab-title\" data-tab=\"1\" role=\"button\" aria-controls=\"elementor-tab-content-1151\" aria-expanded=\"false\">\n\t\t\t\t\t\t\t\t\t\t\t\t<span class=\"elementor-toggle-icon elementor-toggle-icon-left\" aria-hidden=\"true\">\n\t\t\t\t\t\t\t\t\t\t\t\t\t\t\t<span class=\"elementor-toggle-icon-closed\"><svg class=\"e-font-icon-svg e-fas-caret-right\" viewBox=\"0 0 192 512\" xmlns=\"http:\/\/www.w3.org\/2000\/svg\"><path d=\"M0 384.662V127.338c0-17.818 21.543-26.741 34.142-14.142l128.662 128.662c7.81 7.81 7.81 20.474 0 28.284L34.142 398.804C21.543 411.404 0 402.48 0 384.662z\"><\/path><\/svg><\/span>\n\t\t\t\t\t\t\t\t<span class=\"elementor-toggle-icon-opened\"><svg class=\"elementor-toggle-icon-opened e-font-icon-svg e-fas-caret-up\" viewBox=\"0 0 320 512\" xmlns=\"http:\/\/www.w3.org\/2000\/svg\"><path d=\"M288.662 352H31.338c-17.818 0-26.741-21.543-14.142-34.142l128.662-128.662c7.81-7.81 20.474-7.81 28.284 0l128.662 128.662c12.6 12.599 3.676 34.142-14.142 34.142z\"><\/path><\/svg><\/span>\n\t\t\t\t\t\t\t\t\t\t\t\t\t<\/span>\n\t\t\t\t\t\t\t\t\t\t\t\t<a class=\"elementor-toggle-title\" tabindex=\"0\">C\u00cdRCULAR \/ SINATEN N.\u00ba 02\/2024 ASSUNTO: ELEI\u00c7\u00d5ES SINDICAIS<\/a>\n\t\t\t\t\t<\/div>\n\n\t\t\t\t\t<div id=\"elementor-tab-content-1151\" class=\"elementor-tab-content elementor-clearfix\" data-tab=\"1\" role=\"region\" aria-labelledby=\"elementor-tab-title-1151\"><p>Prezados (as) Associados (as) ao Sindicato Nacional dos Terapeutas Naturistas, conforme o Estatuto Social em vigor ser\u00e3o realizadas as ELEI\u00c7\u00d5ES do Sindicato para a Diretoria e Suplentes, o Conselho Fiscal e Suplentes, Delegados Representantes na Federa\u00e7\u00e3o e Confedera\u00e7\u00e3o, abrangendo o per\u00edodo de 2.024 a 2.028 nos dias\u00a0<strong>16 e 17 de Abril de 2024<\/strong>\u00a0sendo no dia\u00a0<strong>16 das 09h \u00e0s 17h<\/strong>\u00a0e no dia\u00a0<strong>17 das 09h \u00e0s 14h<\/strong>, na Rua Nuporanga, 77 &#8211; Vila Mariana \/S\u00e3o Paulo \/SP CEP 04020-020 conforme o\u00a0<strong>Edital de Convoca\u00e7\u00e3o\u00a0<\/strong>afixado na sede do Sindicato e publicado no dia 29\/02\/2024 no<strong>\u00a0Di\u00e1rio Oficial da Uni\u00e3o\u00a0<\/strong><strong>&#8211; Se\u00e7\u00e3o 3 n\u00ba 41 p\u00e1g.189, no O Estado de S\u00e3o Paulo \/Economia &amp; Neg\u00f3cios p\u00e1g. B3.\u00a0<\/strong>Promovemos a divulga\u00e7\u00e3o atrav\u00e9s do Site, E-mails, Boletim O TERAPEUTA n\u00ba 38. De acordo com o\u00a0<strong>Artigo<\/strong>\u00a0&#8211;\u00a0<strong>41\u00ba<\/strong>\u00a0do Estatuto Social em vigor e Edital\u00a0<strong>foi protocolado o\u00a0Registro de uma \u00danica Chapa inscrita<\/strong>a\u00a0<strong>CHAPA NATUREZA\u00a0<\/strong><strong>\u00a0\u00a0<\/strong><strong>\u00a0<\/strong>Assim especificada:<\/p><p><strong>Para\u00a0<\/strong>Cargos na<strong>\u00a0DIRETORIA \u2013 EFETIVOS\u00a0=\u00a0<\/strong><strong>Milton Alves dos Santos &#8211;\u00a0<\/strong>de Presidente;\u00a0<strong>Ailson Gasparotti &#8211;\u00a0<\/strong>de Vice &#8211; Presidente;\u00a0<strong>Carlos Enrique Maggio &#8211;<\/strong>de Secret\u00e1rio;\u00a0<strong>Moriel Sophia &#8211;<\/strong>de Tesoureiro;\u00a0<strong>R\u00f4mulo Fran\u00e7a &#8211;\u00a0<\/strong>de Diretor Social.<\/p><p>Para Cargos de\u00a0<strong>SUPLENTES DA DIRETORIA<\/strong>\u00a0= Jean Alves Cabral de 1\u00ba) Suplente da Diretoria, Shirley Aparecida Ribeiro de 2\u00ba) Suplente da Diretoria Ant\u00f4nio Maria Cardoso Acosta de 3\u00ba) Suplente da Diretoria, Walter Wanderlei Flor\u00eancio de 4\u00ba) Suplente da Diretoria, Luciana Almin\u00e2na Moreira de 5\u00ba) Suplente da Diretoria.<\/p><h4>\u00a0<\/h4><h4>Para Cargos no\u00a0<strong>CONSELHO FISCAL \u2013 EFETIVOS<\/strong>\u00a0= Divino Mariano de 1\u00ba) Conselheiro Fiscal, Cec\u00edlia Dolores Pereira Farias de 2\u00ba) Conselheiro Fiscal, Cristiane Marcela de Lima Manoel de 3\u00ba) Conselheiro Fiscal.<\/h4><p>\u00a0<\/p><p><strong>Para\u00a0<\/strong>Cargos de<strong>\u00a0SUPLENTES DO CONSELHO FISCAL<\/strong>\u00a0=\u00a0<strong>Walter Steiner<\/strong>\u00a0de<strong>\u00a01\u00ba)<\/strong>\u00a0Suplente do Conselho Fiscal,\u00a0<strong>Massakazu Nagai\u00a0<\/strong>de<strong>\u00a02\u00ba)<\/strong>\u00a0Suplente do Conselho Fiscal,\u00a0<strong>Fl\u00e1via Cristiane Silva Herrero Rodrigues<\/strong>\u00a0de<strong>\u00a03\u00ba)<\/strong>\u00a0Suplente do Conselho Fiscal<\/p><p><strong>\u00a0<\/strong><\/p><p><strong>Para\u00a0DELEGADOS REPRESENTANTES NA FEDERA\u00c7\u00c3O E CONFEDERA\u00c7\u00c3O\u00a0=<\/strong><strong>\u00a0<\/strong><strong>Milton Alves dos Santos\u00a0<\/strong>e<strong>\u00a0Jos\u00e9 Francisco Barbosa<\/strong><\/p><h6><strong>\u00a0<\/strong><strong>1 &#8211;<\/strong>\u00a0Os (as) Associados (as) residentes no\u00a0<strong>Munic\u00edpio de S\u00e3o Paulo<\/strong>\u00a0devem comparecer para Vota\u00e7\u00e3o na sede do Sindicato Nacional dos Terapeutas Naturistas \u00e0 Rua Nuporanga, 77 &#8211; Vila Mariana \/S\u00e3o Paulo \/SP CEP 04020-020 Telefone: (11) 5575-5431, nos dias\u00a0<strong>16 e 17 de Abril de 2024<\/strong>\u00a0sendo no dia\u00a0<strong>16 das 09h \u00e0s 17h<\/strong>\u00a0e no dia\u00a0<strong>17 das 09h \u00e0s 14h<\/strong><strong>.<\/strong><\/h6><p><strong>2 &#8211;<\/strong>\u00a0Os (as) Associados (as) residentes no\u00a0<strong>Interior de S\u00e3o Paulo<\/strong>\u00a0e nos outros\u00a0<strong>Estados do Brasil<\/strong>, o\u00a0<strong>Voto ser\u00e1 por correspond\u00eancia<\/strong>, a\u00a0C\u00e9dula Eleitoral\u00a0para a Vota\u00e7\u00e3o deve ser retornada na sua \u00edntegra para o Sindicato, e segue em anexo (sobre carta). Coloque a\u00a0C\u00e9dula Eleitoral\u00a0com seu\u00a0Voto\u00a0no quadrado correspondente,\u00a0<strong>escreva teu Nome\u00a0<\/strong>o\u00a0<strong>n\u00famero da tua RG\u00a0<\/strong>e a<strong>\u00a0tua Assinatura<\/strong>.\u00a0<strong>Utilize o Envelope para retorno ao Sindicato<\/strong>\u00a0para ser colocada na\u00a0<em>Urna Voto por Correspond\u00eancia<\/em>.<\/p><p>Contamos com a colabora\u00e7\u00e3o do estimado Colega, pois a sua participa\u00e7\u00e3o \u00e9 importante para podermos continuar trabalhando para a Profiss\u00e3o de Terapeuta Naturista.<\/p><p align=\"center\"><strong>OBS.<\/strong>:\u00a0<em>A Apura\u00e7\u00e3o das Urnas se realizar\u00e1 ap\u00f3s o t\u00e9rmino da vota\u00e7\u00e3o, conforme Edital, e ser\u00e1 aberta a\u00a0<strong>Urna N.\u00ba 1<\/strong>\u00a0(Voto na Sede); Em seguida a\u00a0<strong>Urna N.\u00ba 2<\/strong>\u00a0(Voto por Correspond\u00eancia); e em seguida as Urnas Itinerantes, se tiver.<\/em><strong>\u00a0<\/strong><\/p><p align=\"right\"><strong>Dia 12 de Mar\u00e7o de 2024<\/strong>\u00a0&#8211; Atenciosamente, A Diretoria.<\/p><h1 id=\"titulopagina\">BENEF\u00cdCIOS AOS ASSOCIADOS<\/h1><\/div>\n\t\t\t\t<\/div>\n\t\t\t\t\t\t\t\t<\/div>\n\t\t\t\t\t\t<\/div>\n\t\t\t\t<\/div>\n\t\t\t\t\t<\/div>\n\t\t<\/div>\n\t\t\t\t\t<\/div>\n\t\t<\/section>\n\t\t\t\t<section class=\"elementor-section elementor-top-section elementor-element elementor-element-2e6a079 elementor-section-boxed elementor-section-height-default elementor-section-height-default\" data-id=\"2e6a079\" data-element_type=\"section\" data-e-type=\"section\">\n\t\t\t\t\t\t<div class=\"elementor-container elementor-column-gap-default\">\n\t\t\t\t\t<div class=\"elementor-column elementor-col-33 elementor-top-column elementor-element elementor-element-b6e866b\" data-id=\"b6e866b\" data-element_type=\"column\" data-e-type=\"column\">\n\t\t\t<div class=\"elementor-widget-wrap elementor-element-populated\">\n\t\t\t\t\t\t<div class=\"elementor-element elementor-element-8ab06c2 elementor-position-inline-start elementor-view-default elementor-mobile-position-block-start elementor-widget elementor-widget-icon-box\" data-id=\"8ab06c2\" data-element_type=\"widget\" data-e-type=\"widget\" data-widget_type=\"icon-box.default\">\n\t\t\t\t<div class=\"elementor-widget-container\">\n\t\t\t\t\t\t\t<div class=\"elementor-icon-box-wrapper\">\n\n\t\t\t\t\t\t<div class=\"elementor-icon-box-icon\">\n\t\t\t\t<span  class=\"elementor-icon\">\n\t\t\t\t<svg aria-hidden=\"true\" class=\"e-font-icon-svg e-fas-phone\" viewBox=\"0 0 512 512\" xmlns=\"http:\/\/www.w3.org\/2000\/svg\"><path d=\"M493.4 24.6l-104-24c-11.3-2.6-22.9 3.3-27.5 13.9l-48 112c-4.2 9.8-1.4 21.3 6.9 28l60.6 49.6c-36 76.7-98.9 140.5-177.2 177.2l-49.6-60.6c-6.8-8.3-18.2-11.1-28-6.9l-112 48C3.9 366.5-2 378.1.6 389.4l24 104C27.1 504.2 36.7 512 48 512c256.1 0 464-207.5 464-464 0-11.2-7.7-20.9-18.6-23.4z\"><\/path><\/svg>\t\t\t\t<\/span>\n\t\t\t<\/div>\n\t\t\t\n\t\t\t\t\t\t<div class=\"elementor-icon-box-content\">\n\n\t\t\t\t\t\t\t\t\t<h3 class=\"elementor-icon-box-title\">\n\t\t\t\t\t\t<span  >\n\t\t\t\t\t\t\t(11) 5575-5431\t\t\t\t\t\t<\/span>\n\t\t\t\t\t<\/h3>\n\t\t\t\t\n\t\t\t\t\n\t\t\t<\/div>\n\t\t\t\n\t\t<\/div>\n\t\t\t\t\t\t<\/div>\n\t\t\t\t<\/div>\n\t\t\t\t\t<\/div>\n\t\t<\/div>\n\t\t\t\t<div class=\"elementor-column elementor-col-33 elementor-top-column elementor-element elementor-element-b996430\" data-id=\"b996430\" data-element_type=\"column\" data-e-type=\"column\">\n\t\t\t<div class=\"elementor-widget-wrap elementor-element-populated\">\n\t\t\t\t\t\t<div class=\"elementor-element elementor-element-66430ca elementor-position-inline-start elementor-view-default elementor-mobile-position-block-start elementor-widget elementor-widget-icon-box\" data-id=\"66430ca\" data-element_type=\"widget\" data-e-type=\"widget\" data-widget_type=\"icon-box.default\">\n\t\t\t\t<div class=\"elementor-widget-container\">\n\t\t\t\t\t\t\t<div class=\"elementor-icon-box-wrapper\">\n\n\t\t\t\t\t\t<div class=\"elementor-icon-box-icon\">\n\t\t\t\t<span  class=\"elementor-icon\">\n\t\t\t\t<svg aria-hidden=\"true\" class=\"e-font-icon-svg e-fab-whatsapp\" viewBox=\"0 0 448 512\" xmlns=\"http:\/\/www.w3.org\/2000\/svg\"><path d=\"M380.9 97.1C339 55.1 283.2 32 223.9 32c-122.4 0-222 99.6-222 222 0 39.1 10.2 77.3 29.6 111L0 480l117.7-30.9c32.4 17.7 68.9 27 106.1 27h.1c122.3 0 224.1-99.6 224.1-222 0-59.3-25.2-115-67.1-157zm-157 341.6c-33.2 0-65.7-8.9-94-25.7l-6.7-4-69.8 18.3L72 359.2l-4.4-7c-18.5-29.4-28.2-63.3-28.2-98.2 0-101.7 82.8-184.5 184.6-184.5 49.3 0 95.6 19.2 130.4 54.1 34.8 34.9 56.2 81.2 56.1 130.5 0 101.8-84.9 184.6-186.6 184.6zm101.2-138.2c-5.5-2.8-32.8-16.2-37.9-18-5.1-1.9-8.8-2.8-12.5 2.8-3.7 5.6-14.3 18-17.6 21.8-3.2 3.7-6.5 4.2-12 1.4-32.6-16.3-54-29.1-75.5-66-5.7-9.8 5.7-9.1 16.3-30.3 1.8-3.7.9-6.9-.5-9.7-1.4-2.8-12.5-30.1-17.1-41.2-4.5-10.8-9.1-9.3-12.5-9.5-3.2-.2-6.9-.2-10.6-.2-3.7 0-9.7 1.4-14.8 6.9-5.1 5.6-19.4 19-19.4 46.3 0 27.3 19.9 53.7 22.6 57.4 2.8 3.7 39.1 59.7 94.8 83.8 35.2 15.2 49 16.5 66.6 13.9 10.7-1.6 32.8-13.4 37.4-26.4 4.6-13 4.6-24.1 3.2-26.4-1.3-2.5-5-3.9-10.5-6.6z\"><\/path><\/svg>\t\t\t\t<\/span>\n\t\t\t<\/div>\n\t\t\t\n\t\t\t\t\t\t<div class=\"elementor-icon-box-content\">\n\n\t\t\t\t\t\t\t\t\t<h3 class=\"elementor-icon-box-title\">\n\t\t\t\t\t\t<span  >\n\t\t\t\t\t\t\t(11) 99473-0570 \t\t\t\t\t\t<\/span>\n\t\t\t\t\t<\/h3>\n\t\t\t\t\n\t\t\t\t\n\t\t\t<\/div>\n\t\t\t\n\t\t<\/div>\n\t\t\t\t\t\t<\/div>\n\t\t\t\t<\/div>\n\t\t\t\t\t<\/div>\n\t\t<\/div>\n\t\t\t\t<div class=\"elementor-column elementor-col-33 elementor-top-column elementor-element elementor-element-a57178f\" data-id=\"a57178f\" data-element_type=\"column\" data-e-type=\"column\">\n\t\t\t<div class=\"elementor-widget-wrap elementor-element-populated\">\n\t\t\t\t\t\t<div class=\"elementor-element elementor-element-0ea8239 elementor-position-inline-start elementor-view-default elementor-mobile-position-block-start elementor-widget elementor-widget-icon-box\" data-id=\"0ea8239\" data-element_type=\"widget\" data-e-type=\"widget\" data-widget_type=\"icon-box.default\">\n\t\t\t\t<div class=\"elementor-widget-container\">\n\t\t\t\t\t\t\t<div class=\"elementor-icon-box-wrapper\">\n\n\t\t\t\t\t\t<div class=\"elementor-icon-box-icon\">\n\t\t\t\t<span  class=\"elementor-icon\">\n\t\t\t\t<svg aria-hidden=\"true\" class=\"e-font-icon-svg e-fas-envelope\" viewBox=\"0 0 512 512\" xmlns=\"http:\/\/www.w3.org\/2000\/svg\"><path d=\"M502.3 190.8c3.9-3.1 9.7-.2 9.7 4.7V400c0 26.5-21.5 48-48 48H48c-26.5 0-48-21.5-48-48V195.6c0-5 5.7-7.8 9.7-4.7 22.4 17.4 52.1 39.5 154.1 113.6 21.1 15.4 56.7 47.8 92.2 47.6 35.7.3 72-32.8 92.3-47.6 102-74.1 131.6-96.3 154-113.7zM256 320c23.2.4 56.6-29.2 73.4-41.4 132.7-96.3 142.8-104.7 173.4-128.7 5.8-4.5 9.2-11.5 9.2-18.9v-19c0-26.5-21.5-48-48-48H48C21.5 64 0 85.5 0 112v19c0 7.4 3.4 14.3 9.2 18.9 30.6 23.9 40.7 32.4 173.4 128.7 16.8 12.2 50.2 41.8 73.4 41.4z\"><\/path><\/svg>\t\t\t\t<\/span>\n\t\t\t<\/div>\n\t\t\t\n\t\t\t\t\t\t<div class=\"elementor-icon-box-content\">\n\n\t\t\t\t\t\t\t\t\t<h3 class=\"elementor-icon-box-title\">\n\t\t\t\t\t\t<span  >\n\t\t\t\t\t\t\tsinaten@sinaten.com.br\t\t\t\t\t\t<\/span>\n\t\t\t\t\t<\/h3>\n\t\t\t\t\n\t\t\t\t\n\t\t\t<\/div>\n\t\t\t\n\t\t<\/div>\n\t\t\t\t\t\t<\/div>\n\t\t\t\t<\/div>\n\t\t\t\t\t<\/div>\n\t\t<\/div>\n\t\t\t\t\t<\/div>\n\t\t<\/section>\n\t\t\t\t<\/div>\n\t\t","protected":false},"excerpt":{"rendered":"<p>Sindicato Nacional dos Terapeutas Naturistas C\u00cdRCULAR \/ SINATEN N.\u00ba 02\/2024 ASSUNTO: ELEI\u00c7\u00d5ES SINDICAIS Prezados (as) Associados (as) ao Sindicato Nacional dos Terapeutas Naturistas, conforme o Estatuto Social em vigor ser\u00e3o realizadas as ELEI\u00c7\u00d5ES do Sindicato para a Diretoria e Suplentes, o Conselho Fiscal e Suplentes, Delegados Representantes na Federa\u00e7\u00e3o e Confedera\u00e7\u00e3o, abrangendo o per\u00edodo de [&hellip;]<\/p>\n","protected":false},"author":1,"featured_media":0,"parent":0,"menu_order":0,"comment_status":"closed","ping_status":"closed","template":"elementor_canvas","meta":{"footnotes":""},"class_list":["post-243","page","type-page","status-publish","hentry"],"_links":{"self":[{"href":"https:\/\/sinaten.com.br\/index.php\/wp-json\/wp\/v2\/pages\/243","targetHints":{"allow":["GET"]}}],"collection":[{"href":"https:\/\/sinaten.com.br\/index.php\/wp-json\/wp\/v2\/pages"}],"about":[{"href":"https:\/\/sinaten.com.br\/index.php\/wp-json\/wp\/v2\/types\/page"}],"author":[{"embeddable":true,"href":"https:\/\/sinaten.com.br\/index.php\/wp-json\/wp\/v2\/users\/1"}],"replies":[{"embeddable":true,"href":"https:\/\/sinaten.com.br\/index.php\/wp-json\/wp\/v2\/comments?post=243"}],"version-history":[{"count":3,"href":"https:\/\/sinaten.com.br\/index.php\/wp-json\/wp\/v2\/pages\/243\/revisions"}],"predecessor-version":[{"id":279,"href":"https:\/\/sinaten.com.br\/index.php\/wp-json\/wp\/v2\/pages\/243\/revisions\/279"}],"wp:attachment":[{"href":"https:\/\/sinaten.com.br\/index.php\/wp-json\/wp\/v2\/media?parent=243"}],"curies":[{"name":"wp","href":"https:\/\/api.w.org\/{rel}","templated":true}]}}