{"id":232,"date":"2024-05-20T20:48:34","date_gmt":"2024-05-20T23:48:34","guid":{"rendered":"https:\/\/fixdigital.com.br\/sin2\/?page_id=232"},"modified":"2024-05-27T23:57:31","modified_gmt":"2024-05-27T23:57:31","slug":"filie-se","status":"publish","type":"page","link":"https:\/\/sinaten.com.br\/index.php\/filie-se\/","title":{"rendered":"Filie-se"},"content":{"rendered":"\t\t<div data-elementor-type=\"wp-page\" data-elementor-id=\"232\" class=\"elementor elementor-232\">\n\t\t\t\t\t\t<section class=\"elementor-section elementor-top-section elementor-element elementor-element-74d22fb elementor-section-boxed elementor-section-height-default elementor-section-height-default\" data-id=\"74d22fb\" data-element_type=\"section\" data-e-type=\"section\">\n\t\t\t\t\t\t<div class=\"elementor-container elementor-column-gap-default\">\n\t\t\t\t\t<div class=\"elementor-column elementor-col-33 elementor-top-column elementor-element elementor-element-04f4573\" data-id=\"04f4573\" data-element_type=\"column\" data-e-type=\"column\">\n\t\t\t<div class=\"elementor-widget-wrap elementor-element-populated\">\n\t\t\t\t\t\t<div class=\"elementor-element elementor-element-18d90ac elementor-widget elementor-widget-image\" data-id=\"18d90ac\" data-element_type=\"widget\" data-e-type=\"widget\" data-widget_type=\"image.default\">\n\t\t\t\t<div class=\"elementor-widget-container\">\n\t\t\t\t\t\t\t\t\t\t\t\t\t\t\t<img decoding=\"async\" width=\"220\" height=\"50\" src=\"https:\/\/sinaten.com.br\/wp-content\/uploads\/2023\/06\/Logo-Texto-220x50-1.png\" class=\"attachment-large size-large wp-image-14\" alt=\"\" \/>\t\t\t\t\t\t\t\t\t\t\t\t\t\t\t<\/div>\n\t\t\t\t<\/div>\n\t\t\t\t<div class=\"elementor-element elementor-element-45e30db elementor-widget elementor-widget-text-editor\" data-id=\"45e30db\" data-element_type=\"widget\" data-e-type=\"widget\" data-widget_type=\"text-editor.default\">\n\t\t\t\t<div class=\"elementor-widget-container\">\n\t\t\t\t\t\t\t\t\t<p><strong>Sindicato Nacional dos Terapeutas Naturistas<\/strong><\/p>\t\t\t\t\t\t\t\t<\/div>\n\t\t\t\t<\/div>\n\t\t\t\t\t<\/div>\n\t\t<\/div>\n\t\t\t\t<div class=\"elementor-column elementor-col-33 elementor-top-column elementor-element elementor-element-4e2b872\" data-id=\"4e2b872\" data-element_type=\"column\" data-e-type=\"column\">\n\t\t\t<div class=\"elementor-widget-wrap\">\n\t\t\t\t\t\t\t<\/div>\n\t\t<\/div>\n\t\t\t\t<div class=\"elementor-column elementor-col-33 elementor-top-column elementor-element elementor-element-d2bb671\" data-id=\"d2bb671\" data-element_type=\"column\" data-e-type=\"column\">\n\t\t\t<div class=\"elementor-widget-wrap elementor-element-populated\">\n\t\t\t\t\t\t<div class=\"elementor-element elementor-element-d51bd11 elementor-widget elementor-widget-image\" data-id=\"d51bd11\" data-element_type=\"widget\" data-e-type=\"widget\" data-widget_type=\"image.default\">\n\t\t\t\t<div class=\"elementor-widget-container\">\n\t\t\t\t\t\t\t\t\t\t\t\t\t\t\t<img decoding=\"async\" src=\"https:\/\/sinaten.com.br\/wp-content\/uploads\/elementor\/thumbs\/Logo_SINATEN_Simples-qosrvionyywnrj9hl4pan6c4m0uhmvsk4rfkqqchd4.png\" title=\"Logo_SINATEN_Simples\" alt=\"Logo_SINATEN_Simples\" loading=\"lazy\" \/>\t\t\t\t\t\t\t\t\t\t\t\t\t\t\t<\/div>\n\t\t\t\t<\/div>\n\t\t\t\t\t<\/div>\n\t\t<\/div>\n\t\t\t\t\t<\/div>\n\t\t<\/section>\n\t\t\t\t<section class=\"elementor-section elementor-top-section elementor-element elementor-element-a0608c9 elementor-section-boxed elementor-section-height-default elementor-section-height-default\" data-id=\"a0608c9\" data-element_type=\"section\" data-e-type=\"section\">\n\t\t\t\t\t\t<div class=\"elementor-container elementor-column-gap-default\">\n\t\t\t\t\t<div class=\"elementor-column elementor-col-100 elementor-top-column elementor-element elementor-element-8b07944\" data-id=\"8b07944\" data-element_type=\"column\" data-e-type=\"column\">\n\t\t\t<div class=\"elementor-widget-wrap elementor-element-populated\">\n\t\t\t\t\t\t<div class=\"elementor-element elementor-element-f9a8d5e elementor-nav-menu__align-center elementor-nav-menu--dropdown-tablet elementor-nav-menu__text-align-aside elementor-nav-menu--toggle elementor-nav-menu--burger elementor-widget elementor-widget-nav-menu\" data-id=\"f9a8d5e\" data-element_type=\"widget\" data-e-type=\"widget\" data-settings=\"{&quot;layout&quot;:&quot;horizontal&quot;,&quot;submenu_icon&quot;:{&quot;value&quot;:&quot;&lt;svg class=\\&quot;e-font-icon-svg e-fas-caret-down\\&quot; viewBox=\\&quot;0 0 320 512\\&quot; xmlns=\\&quot;http:\\\/\\\/www.w3.org\\\/2000\\\/svg\\&quot;&gt;&lt;path d=\\&quot;M31.3 192h257.3c17.8 0 26.7 21.5 14.1 34.1L174.1 354.8c-7.8 7.8-20.5 7.8-28.3 0L17.2 226.1C4.6 213.5 13.5 192 31.3 192z\\&quot;&gt;&lt;\\\/path&gt;&lt;\\\/svg&gt;&quot;,&quot;library&quot;:&quot;fa-solid&quot;},&quot;toggle&quot;:&quot;burger&quot;}\" data-widget_type=\"nav-menu.default\">\n\t\t\t\t<div class=\"elementor-widget-container\">\n\t\t\t\t\t\t\t\t<nav migration_allowed=\"1\" migrated=\"0\" class=\"elementor-nav-menu--main elementor-nav-menu__container elementor-nav-menu--layout-horizontal e--pointer-background e--animation-fade\">\n\t\t\t\t<ul id=\"menu-1-f9a8d5e\" class=\"elementor-nav-menu\"><li class=\"menu-item menu-item-type-post_type menu-item-object-page menu-item-home menu-item-244\"><a href=\"https:\/\/sinaten.com.br\/\" class=\"elementor-item\">In\u00edcio<\/a><\/li>\n<li class=\"menu-item menu-item-type-post_type menu-item-object-page menu-item-245\"><a href=\"https:\/\/sinaten.com.br\/index.php\/boletim\/\" class=\"elementor-item\">Boletim<\/a><\/li>\n<li class=\"menu-item menu-item-type-post_type menu-item-object-page menu-item-246\"><a href=\"https:\/\/sinaten.com.br\/index.php\/artigos\/\" class=\"elementor-item\">Artigos<\/a><\/li>\n<li class=\"menu-item menu-item-type-post_type menu-item-object-page menu-item-257\"><a href=\"https:\/\/sinaten.com.br\/index.php\/legislacao\/\" class=\"elementor-item\">Legisla\u00e7\u00e3o<\/a><\/li>\n<li class=\"menu-item menu-item-type-post_type menu-item-object-page menu-item-256\"><a href=\"https:\/\/sinaten.com.br\/index.php\/contato\/\" class=\"elementor-item\">Contato<\/a><\/li>\n<li class=\"menu-item menu-item-type-post_type menu-item-object-page menu-item-247\"><a href=\"https:\/\/sinaten.com.br\/index.php\/filie-se\/\" class=\"elementor-item\">Filie-se<\/a><\/li>\n<\/ul>\t\t\t<\/nav>\n\t\t\t\t\t<div class=\"elementor-menu-toggle\" role=\"button\" tabindex=\"0\" aria-label=\"Menu Toggle\" aria-expanded=\"false\">\n\t\t\t<svg aria-hidden=\"true\" role=\"presentation\" class=\"elementor-menu-toggle__icon--open e-font-icon-svg e-eicon-menu-bar\" viewBox=\"0 0 1000 1000\" xmlns=\"http:\/\/www.w3.org\/2000\/svg\"><path d=\"M104 333H896C929 333 958 304 958 271S929 208 896 208H104C71 208 42 237 42 271S71 333 104 333ZM104 583H896C929 583 958 554 958 521S929 458 896 458H104C71 458 42 487 42 521S71 583 104 583ZM104 833H896C929 833 958 804 958 771S929 708 896 708H104C71 708 42 737 42 771S71 833 104 833Z\"><\/path><\/svg><svg aria-hidden=\"true\" role=\"presentation\" class=\"elementor-menu-toggle__icon--close e-font-icon-svg e-eicon-close\" viewBox=\"0 0 1000 1000\" xmlns=\"http:\/\/www.w3.org\/2000\/svg\"><path d=\"M742 167L500 408 258 167C246 154 233 150 217 150 196 150 179 158 167 167 154 179 150 196 150 212 150 229 154 242 171 254L408 500 167 742C138 771 138 800 167 829 196 858 225 858 254 829L496 587 738 829C750 842 767 846 783 846 800 846 817 842 829 829 842 817 846 804 846 783 846 767 842 750 829 737L588 500 833 258C863 229 863 200 833 171 804 137 775 137 742 167Z\"><\/path><\/svg>\t\t\t<span class=\"elementor-screen-only\">Menu<\/span>\n\t\t<\/div>\n\t\t\t<nav class=\"elementor-nav-menu--dropdown elementor-nav-menu__container\" aria-hidden=\"true\">\n\t\t\t\t<ul id=\"menu-2-f9a8d5e\" class=\"elementor-nav-menu\"><li class=\"menu-item menu-item-type-post_type menu-item-object-page menu-item-home menu-item-244\"><a href=\"https:\/\/sinaten.com.br\/\" class=\"elementor-item\" tabindex=\"-1\">In\u00edcio<\/a><\/li>\n<li class=\"menu-item menu-item-type-post_type menu-item-object-page menu-item-245\"><a href=\"https:\/\/sinaten.com.br\/index.php\/boletim\/\" class=\"elementor-item\" tabindex=\"-1\">Boletim<\/a><\/li>\n<li class=\"menu-item menu-item-type-post_type menu-item-object-page menu-item-246\"><a href=\"https:\/\/sinaten.com.br\/index.php\/artigos\/\" class=\"elementor-item\" tabindex=\"-1\">Artigos<\/a><\/li>\n<li class=\"menu-item menu-item-type-post_type menu-item-object-page menu-item-257\"><a href=\"https:\/\/sinaten.com.br\/index.php\/legislacao\/\" class=\"elementor-item\" tabindex=\"-1\">Legisla\u00e7\u00e3o<\/a><\/li>\n<li class=\"menu-item menu-item-type-post_type menu-item-object-page menu-item-256\"><a href=\"https:\/\/sinaten.com.br\/index.php\/contato\/\" class=\"elementor-item\" tabindex=\"-1\">Contato<\/a><\/li>\n<li class=\"menu-item menu-item-type-post_type menu-item-object-page menu-item-247\"><a href=\"https:\/\/sinaten.com.br\/index.php\/filie-se\/\" class=\"elementor-item\" tabindex=\"-1\">Filie-se<\/a><\/li>\n<\/ul>\t\t\t<\/nav>\n\t\t\t\t\t\t<\/div>\n\t\t\t\t<\/div>\n\t\t\t\t\t<\/div>\n\t\t<\/div>\n\t\t\t\t\t<\/div>\n\t\t<\/section>\n\t\t\t\t<section class=\"elementor-section elementor-top-section elementor-element elementor-element-632bf1c elementor-section-boxed elementor-section-height-default elementor-section-height-default\" data-id=\"632bf1c\" data-element_type=\"section\" data-e-type=\"section\">\n\t\t\t\t\t\t<div class=\"elementor-container elementor-column-gap-default\">\n\t\t\t\t\t<div class=\"elementor-column elementor-col-100 elementor-top-column elementor-element elementor-element-70a18b6\" data-id=\"70a18b6\" data-element_type=\"column\" data-e-type=\"column\">\n\t\t\t<div class=\"elementor-widget-wrap elementor-element-populated\">\n\t\t\t\t\t\t<div class=\"elementor-element elementor-element-303631e elementor-widget elementor-widget-heading\" data-id=\"303631e\" data-element_type=\"widget\" data-e-type=\"widget\" data-widget_type=\"heading.default\">\n\t\t\t\t<div class=\"elementor-widget-container\">\n\t\t\t\t\t<h2 class=\"elementor-heading-title elementor-size-default\">Como se Filiar<\/h2>\t\t\t\t<\/div>\n\t\t\t\t<\/div>\n\t\t\t\t\t<\/div>\n\t\t<\/div>\n\t\t\t\t\t<\/div>\n\t\t<\/section>\n\t\t\t\t<section class=\"elementor-section elementor-top-section elementor-element elementor-element-2210f26 elementor-section-boxed elementor-section-height-default elementor-section-height-default\" data-id=\"2210f26\" data-element_type=\"section\" data-e-type=\"section\">\n\t\t\t\t\t\t<div class=\"elementor-container elementor-column-gap-default\">\n\t\t\t\t\t<div class=\"elementor-column elementor-col-100 elementor-top-column elementor-element elementor-element-98b9573\" data-id=\"98b9573\" data-element_type=\"column\" data-e-type=\"column\">\n\t\t\t<div class=\"elementor-widget-wrap elementor-element-populated\">\n\t\t\t\t\t\t<div class=\"elementor-element elementor-element-ee7d7a6 elementor-widget elementor-widget-text-editor\" data-id=\"ee7d7a6\" data-element_type=\"widget\" data-e-type=\"widget\" data-widget_type=\"text-editor.default\">\n\t\t\t\t<div class=\"elementor-widget-container\">\n\t\t\t\t\t\t\t\t\t<p>Poder\u00e3o se filiar \u00a0as Pessoas F\u00edsicas que tiverem suas propostas aprovadas pelo Conselho Diretor, consoante crit\u00e9rios gerais definidos nos atos normativos do SINATEN.<\/p><p>Para filiar-se, o candidato dever\u00e1 solicitar ou baixar a <a href=\"https:\/\/sinaten.com.br\/wp-content\/uploads\/2024\/05\/Ficha-de-Filiacao.pdf\">Ficha de Filia\u00e7\u00e3o<\/a>, que dever\u00e1 ser impressa, assinada e enviada ao SINATEN pelo correio, juntamente com os seguintes documentos: 2 (duas) fotos 2X2 &#8211; C\u00f3pias: RG, CPF, PIS\/PASEP, Diploma(s) e\/ou Certificado(s) de Curso(s) com o Conte\u00fado Program\u00e1tico, Carga Hor\u00e1ria e a Identifica\u00e7\u00e3o da Institui\u00e7\u00e3o e Ministrante; Conta de luz, \u00e1gua ou telefone, Inscri\u00e7\u00e3o na Prefeitura (CCM) e\/ou ALVAR\u00c1.<\/p><p>Ap\u00f3s o recebimento da Ficha de Filia\u00e7\u00e3o assinada e os documentos solicitados, os mesmos ser\u00e3o analisados pela Comiss\u00e3o de \u00c9tica. Sendo aprovado enviaremos os detalhes para o pagamento da anuidade no valor de R$ 360,00, confirmado o pagamento ser\u00e1 enviado pelo Correio a CARTEIRA de IDENTIFICA\u00c7\u00c3O do TERAPEUTA NATURISTA\u00ae, o CERTIFICADO DE FILIA\u00c7\u00c3O AO SINATEN\u00ae e o C\u00d3DIGO DE \u00c9TICA do(a) TERAPEUTA NATURISTA\u00ae &#8211; Elaborado pela Comiss\u00e3o de \u00c9tica e Colaboradores, com VALIDADE em todo o BRASIL.<\/p><p>O que voc\u00ea ganha filiando-se ao SINATEN<br \/>ASSOCIANDO-SE voluntariamente ao SINATEN atrav\u00e9s do Telefone: (11) 5575-5431 WhatsApp: (11) 99473-0570 E-mail: sinaten@sinaten.com.br<\/p>\t\t\t\t\t\t\t\t<\/div>\n\t\t\t\t<\/div>\n\t\t\t\t\t<\/div>\n\t\t<\/div>\n\t\t\t\t\t<\/div>\n\t\t<\/section>\n\t\t\t\t<section class=\"elementor-section elementor-top-section elementor-element elementor-element-0099f76 elementor-section-boxed elementor-section-height-default elementor-section-height-default\" data-id=\"0099f76\" data-element_type=\"section\" data-e-type=\"section\">\n\t\t\t\t\t\t<div class=\"elementor-container elementor-column-gap-default\">\n\t\t\t\t\t<div class=\"elementor-column elementor-col-100 elementor-top-column elementor-element elementor-element-cdb6ff9\" data-id=\"cdb6ff9\" data-element_type=\"column\" data-e-type=\"column\">\n\t\t\t<div class=\"elementor-widget-wrap elementor-element-populated\">\n\t\t\t\t\t\t<div class=\"elementor-element elementor-element-dc0d001 elementor-widget elementor-widget-text-editor\" data-id=\"dc0d001\" data-element_type=\"widget\" data-e-type=\"widget\" data-widget_type=\"text-editor.default\">\n\t\t\t\t<div class=\"elementor-widget-container\">\n\t\t\t\t\t\t\t\t\t<p>E ap\u00f3s Receber\u00e1:<\/p><p>CARTEIRA de IDENTIFICA\u00c7\u00c3O do TERAPEUTA NATURISTA\u00ae<br \/>CERTIFICADO DE FILIA\u00c7\u00c3O AO SINATEN\u00ae<br \/>C\u00d3DIGO DE \u00c9TICA do(a) TERAPEUTA NATURISTA\u00ae este \u00e9 o 1\u00ba C\u00f3digo de \u00c9tica para a Profiss\u00e3o no Brasil e foi elaborado pela Comiss\u00e3o de \u00c9tica e Colaboradores, com VALIDADE em todo o BRASIL.<br \/>As vantagens que voc\u00ea passar\u00e1 a desfrutar como ASSOCIADO ao SINATEN:<\/p><p>O Associado receber\u00e1 o Boletim O TERAPEUTA\u00ae &#8211; publicado pelo SINATEN, contendo Projetos de Lei e mat\u00e9rias espec\u00edficas sobre as TERAPIAS NATURAIS e as \u00faltimas conquistas realizadas para os Trabalhadores Terapeutas Naturistas.<br \/>O Associado ter\u00e1 o direito de freq\u00fcentar todas as Reuni\u00f5es que ser\u00e3o convocadas antecipadamente via: E-mail, Telefone, ou Boletim e as Assembl\u00e9ias Geral e Extraordin\u00e1ria que ser\u00e3o convocadas antecipadamente via: Boletim, Di\u00e1rio Oficial da Uni\u00e3o, E-mail. Telefone.<br \/>O Associado se manter\u00e1 atualizado sobre as \u00faltimas conquistas realizadas pelo SINATEN para os Trabalhadores Terapeutas Naturistas e ter\u00e1 o apoio que um Sindicato de \u00e2mbito nacional pode lhe oferecer.<\/p><p>Orienta\u00e7\u00e3o Jur\u00eddica e Cont\u00e1bil especializada, com pre\u00e7os especiais, caso necessitem destes servi\u00e7os.<br \/>Orienta\u00e7\u00e3o aos que ministram cursos na \u00e1rea, an\u00e1lise e avalia\u00e7\u00e3o de Apostilas e Certificados, e Apoio nos cursos Livres.<br \/>Seguran\u00e7a e tranq\u00fcilidade, gra\u00e7as ao nosso trabalho junto aos \u00d3rg\u00e3os Governamentais: C\u00e2mara dos Deputados, Senado Federal, Minist\u00e9rios do Trabalho [atual Economia], da Sa\u00fade, de Fiscaliza\u00e7\u00e3o de Tributos, Delegacia do Consumidor, dentre outros.<br \/>Permanecer sempre atualizado e participando das atividades do SINATEN em prol da Categoria.<br \/>1\u00ba) &#8211; BENEF\u00cdCIOS AOS ASSOCIADOS<\/p><p>A) &#8211; Aos Associados o Terapeuta Naturista quites no SINATEN e, com a idade limite (m\u00e1xima) para ades\u00e3o no seguro ser\u00e1 de at\u00e9 74 (setenta e Quatro) anos de Idade e que efetuarem o pagamento de R$: 60,00 referente a este SEGURO DE ACIDENTES PESSOAIS COLETIVO que o SINATEN conseguiu com a Porto Seguro \u2013 Companhia de Seguros Gerais ter\u00e1 o Seguro por morte acidental no valor de R$.16.000,00 \u2013 Seguro de Acidentes por Invalidez permanente total ou parcial no valor de at\u00e9 R$ 16.000,00 ao pr\u00f3prio Terapeuta Naturista. E ter\u00e1 as seguintes coberturas:<\/p><p>B) &#8211; Plano de Assist\u00eancia Funeral que garantir\u00e1 ao Terapeuta Naturista presta\u00e7\u00e3o de servi\u00e7os de funeral ou reembolso das despesas de funeral devidamente comprovadas at\u00e9 o limite de R$ 5.000,00 qualquer que seja a causa do falecimento.<\/p><p>C) &#8211; T\u00edtulo de Capitaliza\u00e7\u00e3o: \u00c9 um benef\u00edcio oferecido na contrata\u00e7\u00e3o de seguro, que d\u00e1 direito ao segurado Terapeuta Naturista de participar mensalmente de sorteios pela Loteria Federal. \u2013 O valor bruto sorteado totalizar\u00e1 R$. 12.000,00 (Doze mil reais) e sobre esse valor ser\u00e3o aplicadas as dedu\u00e7\u00f5es do Imposto de Renda.<\/p>\t\t\t\t\t\t\t\t<\/div>\n\t\t\t\t<\/div>\n\t\t\t\t\t<\/div>\n\t\t<\/div>\n\t\t\t\t\t<\/div>\n\t\t<\/section>\n\t\t\t\t<section class=\"elementor-section elementor-top-section elementor-element elementor-element-ff72b08 elementor-section-boxed elementor-section-height-default elementor-section-height-default\" data-id=\"ff72b08\" data-element_type=\"section\" data-e-type=\"section\">\n\t\t\t\t\t\t<div class=\"elementor-container elementor-column-gap-default\">\n\t\t\t\t\t<div class=\"elementor-column elementor-col-100 elementor-top-column elementor-element elementor-element-aa92823\" data-id=\"aa92823\" data-element_type=\"column\" data-e-type=\"column\">\n\t\t\t<div class=\"elementor-widget-wrap elementor-element-populated\">\n\t\t\t\t\t\t<div class=\"elementor-element elementor-element-465f976 elementor-widget elementor-widget-text-editor\" data-id=\"465f976\" data-element_type=\"widget\" data-e-type=\"widget\" data-widget_type=\"text-editor.default\">\n\t\t\t\t<div class=\"elementor-widget-container\">\n\t\t\t\t\t\t\t\t\t<p>2\u00ba) &#8211; BENEF\u00cdCIOS AOS ASSOCIADOS E SEUS DEPENDENTES<br \/>O ASSOCIADOem dia com a Tesouraria do SINATEN pode:<\/p><p>A) &#8211; Reservar estadias nas Col\u00f4nias de F\u00e9rias conveniadas, com valores especial em v\u00e1rios locais no Brasil.<\/p><p>B) &#8211; Fazer Seguro de Vida de Di\u00e1rias de Incapacidade Tempor\u00e1ria com valores especial.<\/p><p>C) &#8211; Fazer Seguro de casa, carro, espa\u00e7o terap\u00eautico e outros seguros com valores especial.<\/p><p>Obs. Na Ficha de Filia\u00e7\u00e3o informe corretamente seus dados solicitados.<\/p><p>\u00a0<\/p><p>INFORMA\u00c7\u00d5ES: Telefone: (11) 5575-5431 WhatsApp: (11) 99473-0570 E-mail: sinaten@sinaten.com.br<\/p><p>Associado(a) &#8211; Ao consultar o SINATEN, por favor, informe o N\u00famero de Identifica\u00e7\u00e3o que consta em sua Carteira de Terapeuta emitida pelo SINATEN.<\/p>\t\t\t\t\t\t\t\t<\/div>\n\t\t\t\t<\/div>\n\t\t\t\t\t<\/div>\n\t\t<\/div>\n\t\t\t\t\t<\/div>\n\t\t<\/section>\n\t\t\t\t<section class=\"elementor-section elementor-top-section elementor-element elementor-element-8ac97bf elementor-section-boxed elementor-section-height-default elementor-section-height-default\" data-id=\"8ac97bf\" data-element_type=\"section\" data-e-type=\"section\">\n\t\t\t\t\t\t<div class=\"elementor-container elementor-column-gap-default\">\n\t\t\t\t\t<div class=\"elementor-column elementor-col-33 elementor-top-column elementor-element elementor-element-2a70579\" data-id=\"2a70579\" data-element_type=\"column\" data-e-type=\"column\">\n\t\t\t<div class=\"elementor-widget-wrap elementor-element-populated\">\n\t\t\t\t\t\t<div class=\"elementor-element elementor-element-48af2fd elementor-position-inline-start elementor-view-default elementor-mobile-position-block-start elementor-widget elementor-widget-icon-box\" data-id=\"48af2fd\" data-element_type=\"widget\" data-e-type=\"widget\" data-widget_type=\"icon-box.default\">\n\t\t\t\t<div class=\"elementor-widget-container\">\n\t\t\t\t\t\t\t<div class=\"elementor-icon-box-wrapper\">\n\n\t\t\t\t\t\t<div class=\"elementor-icon-box-icon\">\n\t\t\t\t<span  class=\"elementor-icon\">\n\t\t\t\t<svg aria-hidden=\"true\" class=\"e-font-icon-svg e-fas-phone\" viewBox=\"0 0 512 512\" xmlns=\"http:\/\/www.w3.org\/2000\/svg\"><path d=\"M493.4 24.6l-104-24c-11.3-2.6-22.9 3.3-27.5 13.9l-48 112c-4.2 9.8-1.4 21.3 6.9 28l60.6 49.6c-36 76.7-98.9 140.5-177.2 177.2l-49.6-60.6c-6.8-8.3-18.2-11.1-28-6.9l-112 48C3.9 366.5-2 378.1.6 389.4l24 104C27.1 504.2 36.7 512 48 512c256.1 0 464-207.5 464-464 0-11.2-7.7-20.9-18.6-23.4z\"><\/path><\/svg>\t\t\t\t<\/span>\n\t\t\t<\/div>\n\t\t\t\n\t\t\t\t\t\t<div class=\"elementor-icon-box-content\">\n\n\t\t\t\t\t\t\t\t\t<h3 class=\"elementor-icon-box-title\">\n\t\t\t\t\t\t<span  >\n\t\t\t\t\t\t\t(11) 5575-5431\t\t\t\t\t\t<\/span>\n\t\t\t\t\t<\/h3>\n\t\t\t\t\n\t\t\t\t\n\t\t\t<\/div>\n\t\t\t\n\t\t<\/div>\n\t\t\t\t\t\t<\/div>\n\t\t\t\t<\/div>\n\t\t\t\t\t<\/div>\n\t\t<\/div>\n\t\t\t\t<div class=\"elementor-column elementor-col-33 elementor-top-column elementor-element elementor-element-8a7ffbd\" data-id=\"8a7ffbd\" data-element_type=\"column\" data-e-type=\"column\">\n\t\t\t<div class=\"elementor-widget-wrap elementor-element-populated\">\n\t\t\t\t\t\t<div class=\"elementor-element elementor-element-2f9379d elementor-position-inline-start elementor-view-default elementor-mobile-position-block-start elementor-widget elementor-widget-icon-box\" data-id=\"2f9379d\" data-element_type=\"widget\" data-e-type=\"widget\" data-widget_type=\"icon-box.default\">\n\t\t\t\t<div class=\"elementor-widget-container\">\n\t\t\t\t\t\t\t<div class=\"elementor-icon-box-wrapper\">\n\n\t\t\t\t\t\t<div class=\"elementor-icon-box-icon\">\n\t\t\t\t<span  class=\"elementor-icon\">\n\t\t\t\t<svg aria-hidden=\"true\" class=\"e-font-icon-svg e-fab-whatsapp\" viewBox=\"0 0 448 512\" xmlns=\"http:\/\/www.w3.org\/2000\/svg\"><path d=\"M380.9 97.1C339 55.1 283.2 32 223.9 32c-122.4 0-222 99.6-222 222 0 39.1 10.2 77.3 29.6 111L0 480l117.7-30.9c32.4 17.7 68.9 27 106.1 27h.1c122.3 0 224.1-99.6 224.1-222 0-59.3-25.2-115-67.1-157zm-157 341.6c-33.2 0-65.7-8.9-94-25.7l-6.7-4-69.8 18.3L72 359.2l-4.4-7c-18.5-29.4-28.2-63.3-28.2-98.2 0-101.7 82.8-184.5 184.6-184.5 49.3 0 95.6 19.2 130.4 54.1 34.8 34.9 56.2 81.2 56.1 130.5 0 101.8-84.9 184.6-186.6 184.6zm101.2-138.2c-5.5-2.8-32.8-16.2-37.9-18-5.1-1.9-8.8-2.8-12.5 2.8-3.7 5.6-14.3 18-17.6 21.8-3.2 3.7-6.5 4.2-12 1.4-32.6-16.3-54-29.1-75.5-66-5.7-9.8 5.7-9.1 16.3-30.3 1.8-3.7.9-6.9-.5-9.7-1.4-2.8-12.5-30.1-17.1-41.2-4.5-10.8-9.1-9.3-12.5-9.5-3.2-.2-6.9-.2-10.6-.2-3.7 0-9.7 1.4-14.8 6.9-5.1 5.6-19.4 19-19.4 46.3 0 27.3 19.9 53.7 22.6 57.4 2.8 3.7 39.1 59.7 94.8 83.8 35.2 15.2 49 16.5 66.6 13.9 10.7-1.6 32.8-13.4 37.4-26.4 4.6-13 4.6-24.1 3.2-26.4-1.3-2.5-5-3.9-10.5-6.6z\"><\/path><\/svg>\t\t\t\t<\/span>\n\t\t\t<\/div>\n\t\t\t\n\t\t\t\t\t\t<div class=\"elementor-icon-box-content\">\n\n\t\t\t\t\t\t\t\t\t<h3 class=\"elementor-icon-box-title\">\n\t\t\t\t\t\t<span  >\n\t\t\t\t\t\t\t(11) 99473-0570 \t\t\t\t\t\t<\/span>\n\t\t\t\t\t<\/h3>\n\t\t\t\t\n\t\t\t\t\n\t\t\t<\/div>\n\t\t\t\n\t\t<\/div>\n\t\t\t\t\t\t<\/div>\n\t\t\t\t<\/div>\n\t\t\t\t\t<\/div>\n\t\t<\/div>\n\t\t\t\t<div class=\"elementor-column elementor-col-33 elementor-top-column elementor-element elementor-element-b0687c2\" data-id=\"b0687c2\" data-element_type=\"column\" data-e-type=\"column\">\n\t\t\t<div class=\"elementor-widget-wrap elementor-element-populated\">\n\t\t\t\t\t\t<div class=\"elementor-element elementor-element-6d5cede elementor-position-inline-start elementor-view-default elementor-mobile-position-block-start elementor-widget elementor-widget-icon-box\" data-id=\"6d5cede\" data-element_type=\"widget\" data-e-type=\"widget\" data-widget_type=\"icon-box.default\">\n\t\t\t\t<div class=\"elementor-widget-container\">\n\t\t\t\t\t\t\t<div class=\"elementor-icon-box-wrapper\">\n\n\t\t\t\t\t\t<div class=\"elementor-icon-box-icon\">\n\t\t\t\t<span  class=\"elementor-icon\">\n\t\t\t\t<svg aria-hidden=\"true\" class=\"e-font-icon-svg e-fas-envelope\" viewBox=\"0 0 512 512\" xmlns=\"http:\/\/www.w3.org\/2000\/svg\"><path d=\"M502.3 190.8c3.9-3.1 9.7-.2 9.7 4.7V400c0 26.5-21.5 48-48 48H48c-26.5 0-48-21.5-48-48V195.6c0-5 5.7-7.8 9.7-4.7 22.4 17.4 52.1 39.5 154.1 113.6 21.1 15.4 56.7 47.8 92.2 47.6 35.7.3 72-32.8 92.3-47.6 102-74.1 131.6-96.3 154-113.7zM256 320c23.2.4 56.6-29.2 73.4-41.4 132.7-96.3 142.8-104.7 173.4-128.7 5.8-4.5 9.2-11.5 9.2-18.9v-19c0-26.5-21.5-48-48-48H48C21.5 64 0 85.5 0 112v19c0 7.4 3.4 14.3 9.2 18.9 30.6 23.9 40.7 32.4 173.4 128.7 16.8 12.2 50.2 41.8 73.4 41.4z\"><\/path><\/svg>\t\t\t\t<\/span>\n\t\t\t<\/div>\n\t\t\t\n\t\t\t\t\t\t<div class=\"elementor-icon-box-content\">\n\n\t\t\t\t\t\t\t\t\t<h3 class=\"elementor-icon-box-title\">\n\t\t\t\t\t\t<span  >\n\t\t\t\t\t\t\tsinaten@sinaten.com.br\t\t\t\t\t\t<\/span>\n\t\t\t\t\t<\/h3>\n\t\t\t\t\n\t\t\t\t\n\t\t\t<\/div>\n\t\t\t\n\t\t<\/div>\n\t\t\t\t\t\t<\/div>\n\t\t\t\t<\/div>\n\t\t\t\t\t<\/div>\n\t\t<\/div>\n\t\t\t\t\t<\/div>\n\t\t<\/section>\n\t\t\t\t<\/div>\n\t\t","protected":false},"excerpt":{"rendered":"<p>Sindicato Nacional dos Terapeutas Naturistas Como se Filiar Poder\u00e3o se filiar \u00a0as Pessoas F\u00edsicas que tiverem suas propostas aprovadas pelo Conselho Diretor, consoante crit\u00e9rios gerais definidos nos atos normativos do SINATEN. Para filiar-se, o candidato dever\u00e1 solicitar ou baixar a Ficha de Filia\u00e7\u00e3o, que dever\u00e1 ser impressa, assinada e enviada ao SINATEN pelo correio, juntamente [&hellip;]<\/p>\n","protected":false},"author":1,"featured_media":0,"parent":0,"menu_order":0,"comment_status":"closed","ping_status":"closed","template":"elementor_canvas","meta":{"footnotes":""},"class_list":["post-232","page","type-page","status-publish","hentry"],"_links":{"self":[{"href":"https:\/\/sinaten.com.br\/index.php\/wp-json\/wp\/v2\/pages\/232","targetHints":{"allow":["GET"]}}],"collection":[{"href":"https:\/\/sinaten.com.br\/index.php\/wp-json\/wp\/v2\/pages"}],"about":[{"href":"https:\/\/sinaten.com.br\/index.php\/wp-json\/wp\/v2\/types\/page"}],"author":[{"embeddable":true,"href":"https:\/\/sinaten.com.br\/index.php\/wp-json\/wp\/v2\/users\/1"}],"replies":[{"embeddable":true,"href":"https:\/\/sinaten.com.br\/index.php\/wp-json\/wp\/v2\/comments?post=232"}],"version-history":[{"count":6,"href":"https:\/\/sinaten.com.br\/index.php\/wp-json\/wp\/v2\/pages\/232\/revisions"}],"predecessor-version":[{"id":276,"href":"https:\/\/sinaten.com.br\/index.php\/wp-json\/wp\/v2\/pages\/232\/revisions\/276"}],"wp:attachment":[{"href":"https:\/\/sinaten.com.br\/index.php\/wp-json\/wp\/v2\/media?parent=232"}],"curies":[{"name":"wp","href":"https:\/\/api.w.org\/{rel}","templated":true}]}}